{"id":191,"date":"2021-01-03T18:30:53","date_gmt":"2021-01-03T18:30:53","guid":{"rendered":"https:\/\/praxisgemeinschaft-jena.de\/?page_id=191"},"modified":"2022-04-10T10:24:11","modified_gmt":"2022-04-10T10:24:11","slug":"medical-wellness","status":"publish","type":"page","link":"https:\/\/praxisgemeinschaft-jena.de\/index.php\/medical-wellness\/","title":{"rendered":"Medical Wellness"},"content":{"rendered":"\n<p>Entspannung f\u00fcr K\u00f6rper und Seele<\/p>\n\n\n\n<div class=\"wp-block-image\"><figure class=\"alignleft\"><img loading=\"lazy\" width=\"578\" height=\"432\" src=\"https:\/\/praxisgemeinschaft-jena.de\/wp-content\/uploads\/2021\/01\/Hydrojet-1.jpg\" alt=\"\" class=\"wp-image-196\" srcset=\"https:\/\/praxisgemeinschaft-jena.de\/wp-content\/uploads\/2021\/01\/Hydrojet-1.jpg 578w, https:\/\/praxisgemeinschaft-jena.de\/wp-content\/uploads\/2021\/01\/Hydrojet-1-300x224.jpg 300w\" sizes=\"(max-width: 578px) 100vw, 578px\" \/><figcaption>R\u00fcckenbeschwerden und Stress &#8211; wer kennt das nicht. Die \u00dcberwasser-Massage des Wellsystem-Hydrojets hilft Ihnen dabei,  Verspannungen zu l\u00f6sen und fit zu bleiben. Mit dem Wellsystem-Spa wird die Massage zu einem wohltuenden, ganzheitlichen Wellnesserlebnis. Sie erwartet  eine angenehme Auszeit vom Alltag, deren positive Wirkung noch lange anh\u00e4lt.   Die wohltuende W\u00e4rme und die sanfte Kraft des Wassers aktivieren die tieferen Gewebeschichten, f\u00f6rdern die Durchblutung und lockern die gesamte Muskulatur. Dabei ist die kontaktlose \u00dcberwasser-Massage besonders hygienisch und eine ideale Erg\u00e4nzung oder Alternative zur manuellen Therapie <\/figcaption><\/figure><\/div>\n","protected":false},"excerpt":{"rendered":"<div class=\"slide-text-bg2\"><span>Entspannung f\u00fcr K\u00f6rper und Seele<\/span><\/div>\n","protected":false},"author":2,"featured_media":0,"parent":0,"menu_order":5,"comment_status":"closed","ping_status":"closed","template":"","meta":[],"_links":{"self":[{"href":"https:\/\/praxisgemeinschaft-jena.de\/index.php\/wp-json\/wp\/v2\/pages\/191"}],"collection":[{"href":"https:\/\/praxisgemeinschaft-jena.de\/index.php\/wp-json\/wp\/v2\/pages"}],"about":[{"href":"https:\/\/praxisgemeinschaft-jena.de\/index.php\/wp-json\/wp\/v2\/types\/page"}],"author":[{"embeddable":true,"href":"https:\/\/praxisgemeinschaft-jena.de\/index.php\/wp-json\/wp\/v2\/users\/2"}],"replies":[{"embeddable":true,"href":"https:\/\/praxisgemeinschaft-jena.de\/index.php\/wp-json\/wp\/v2\/comments?post=191"}],"version-history":[{"count":8,"href":"https:\/\/praxisgemeinschaft-jena.de\/index.php\/wp-json\/wp\/v2\/pages\/191\/revisions"}],"predecessor-version":[{"id":204,"href":"https:\/\/praxisgemeinschaft-jena.de\/index.php\/wp-json\/wp\/v2\/pages\/191\/revisions\/204"}],"wp:attachment":[{"href":"https:\/\/praxisgemeinschaft-jena.de\/index.php\/wp-json\/wp\/v2\/media?parent=191"}],"curies":[{"name":"wp","href":"https:\/\/api.w.org\/{rel}","templated":true}]}}